{"id":1581,"date":"2023-03-14T14:13:06","date_gmt":"2023-03-14T13:13:06","guid":{"rendered":"https:\/\/www.casaledibuccole.it\/contatti\/"},"modified":"2023-05-19T09:52:04","modified_gmt":"2023-05-19T07:52:04","slug":"kontakte","status":"publish","type":"page","link":"https:\/\/www.casaledibuccole.it\/de\/kontakte\/","title":{"rendered":"Kontakte"},"content":{"rendered":"<!-- SPACER -->\n<\/div>\n    <div     class=\"spacer l-d-spacer  \">\n    &nbsp;      <\/div>\n  <div class=\"cms-content\">\n<!-- \/\/ SPACER -->\n\n<\/div>\n<div class=\"text-iframe \">\n\t<div class=\"text-iframe__container container flex flex-row\">\n    <div class=\"text-iframe__column text-iframe__column-text\">\n      <div class=\"text-iframe__text-wrap\">\n\n\t\t\t\t\n\t\t\t\t\n\t\t\t\t        <div class=\"text-iframe__paragraphs\">\n          <p>Loc. vocabolo Buccole<\/p>\n<p>&nbsp;<\/p>\n<p>06050 Migliano PG \u2013 Italia<\/p>\n<p>&nbsp;<\/p>\n<p><a href=\"mailto:info@casaledibuccole.it\">info@casaledibuccole.it<\/a><\/p>\n<p>&nbsp;<\/p>\n<p><a href=\"tel:+390758708256\">+39 075 8708256<\/a><\/p>\n<p>&nbsp;<\/p>\n<p><a href=\"tel:+39368500349\">+39 368 500349<\/a><\/p>\n        <\/div>\n\t\t\t\t\n\t\t\t\t\n      <\/div>\n    <\/div>\n\n\t\t\t    <div class=\"text-iframe__column text-iframe__column-media min-height\">\n\t      <iframe src=\"https:\/\/www.google.com\/maps\/embed?pb=!1m14!1m8!1m3!1d5285.765045625202!2d12.242518269913045!3d42.93901468619271!3m2!1i1024!2i768!4f13.1!3m3!1m2!1s0x132eb087a8a41357%3A0xdd1ffc83c8c6e353!2sIl%20Casale%20di%20Buccole%20Country%20House%20Resort%20Umbria%20SPA!5e0!3m2!1sit!2sit!4v1678973938725!5m2!1sit!2sit\" width=\"600\" height=\"450\" style=\"border:0;\" allowfullscreen=\"\" loading=\"lazy\" referrerpolicy=\"no-referrer-when-downgrade\"><\/iframe>\t    <\/div>\n\t\t\n  <\/div>\n<\/div>\n<div class=\"cms-content\">\n\n\n<!-- SPACER -->\n<\/div>\n    <div     class=\"spacer l-d-spacer  \">\n    &nbsp;      <\/div>\n  <div class=\"cms-content\">\n<!-- \/\/ SPACER -->\n\n<\/div>\n<!-- FORM -->\n<div class=\"block-contact-form bg-light \">\n    <div class=\"block-contact-form__container container\">\n\t\t\t\n<div class=\"wpcf7 no-js\" id=\"wpcf7-f962-o1\" lang=\"de-DE\" dir=\"ltr\" data-wpcf7-id=\"962\">\n<div class=\"screen-reader-response\"><p role=\"status\" aria-live=\"polite\" aria-atomic=\"true\"><\/p> <ul><\/ul><\/div>\n<form action=\"\/de\/wp-json\/wp\/v2\/pages\/1581#wpcf7-f962-o1\" method=\"post\" class=\"wpcf7-form init\" aria-label=\"Kontaktformular\" novalidate=\"novalidate\" data-status=\"init\">\n<fieldset class=\"hidden-fields-container\"><input type=\"hidden\" name=\"_wpcf7\" value=\"962\" \/><input type=\"hidden\" name=\"_wpcf7_version\" value=\"6.1.5\" \/><input type=\"hidden\" name=\"_wpcf7_locale\" value=\"de_DE\" \/><input type=\"hidden\" name=\"_wpcf7_unit_tag\" value=\"wpcf7-f962-o1\" \/><input type=\"hidden\" name=\"_wpcf7_container_post\" value=\"0\" \/><input type=\"hidden\" name=\"_wpcf7_posted_data_hash\" value=\"\" \/><input type=\"hidden\" name=\"_wpcf7_recaptcha_response\" value=\"\" \/>\n<\/fieldset>\n<p><span class=\"block-contact-form__over-head over-head\">Kontaktiere uns<\/span>\n<\/p>\n<h2 class=\"h2 block-contact-form__title\">F\u00fcllen Sie das Formular aus, um Informationen anzufordern\n<\/h2>\n<div class=\"form\">\n\t<div class=\"box-columns flex input-box\">\n\t\t<div class=\"form-item\">\n\t\t\t<p><label for=\"nome\"><span class=\"label-text\">Vorname*<\/span> <span class=\"wpcf7-form-control-wrap\" data-name=\"nome\"><input size=\"40\" maxlength=\"400\" class=\"wpcf7-form-control wpcf7-text wpcf7-validates-as-required\" id=\"nome\" aria-required=\"true\" aria-invalid=\"false\" value=\"\" type=\"text\" name=\"nome\" \/><\/span><\/label>\n\t\t\t<\/p>\n\t\t<\/div>\n\t\t<div class=\"form-item\">\n\t\t\t<p><label for=\"cognome\"><span class=\"label-text\">Nachname*<\/span> <span class=\"wpcf7-form-control-wrap\" data-name=\"cognome\"><input size=\"40\" maxlength=\"400\" class=\"wpcf7-form-control wpcf7-text wpcf7-validates-as-required\" id=\"cognome\" aria-required=\"true\" aria-invalid=\"false\" value=\"\" type=\"text\" name=\"cognome\" \/><\/span><\/label>\n\t\t\t<\/p>\n\t\t<\/div>\n\t<\/div>\n\t<div class=\"box-columns flex input-box\">\n\t\t<div class=\"form-item\">\n\t\t\t<p><label for=\"email\"><span class=\"label-text\">Mail*<\/span> <span class=\"wpcf7-form-control-wrap\" data-name=\"email\"><input size=\"40\" maxlength=\"400\" class=\"wpcf7-form-control wpcf7-email wpcf7-validates-as-required wpcf7-text wpcf7-validates-as-email\" id=\"email\" aria-required=\"true\" aria-invalid=\"false\" value=\"\" type=\"email\" name=\"email\" \/><\/span><\/label>\n\t\t\t<\/p>\n\t\t<\/div>\n\t\t<div class=\"form-item\">\n\t\t\t<p><label for=\"tel\"><span class=\"label-text\">Telefon*<\/span> <span class=\"wpcf7-form-control-wrap\" data-name=\"tel\"><input size=\"40\" maxlength=\"400\" class=\"wpcf7-form-control wpcf7-tel wpcf7-validates-as-required wpcf7-text wpcf7-validates-as-tel\" id=\"tel\" aria-required=\"true\" aria-invalid=\"false\" value=\"\" type=\"tel\" name=\"tel\" \/><\/span><\/label>\n\t\t\t<\/p>\n\t\t<\/div>\n\t<\/div>\n\t<div class=\"box-columns flex input-box\">\n\t\t<div class=\"form-item\">\n\t\t\t<p><label for=\"messaggio\"><span class=\"label-text\">Nachricht*<\/span> <span class=\"wpcf7-form-control-wrap\" data-name=\"messaggio\"><textarea cols=\"40\" rows=\"6\" maxlength=\"2000\" class=\"wpcf7-form-control wpcf7-textarea wpcf7-validates-as-required\" id=\"messaggio\" aria-required=\"true\" aria-invalid=\"false\" name=\"messaggio\"><\/textarea><\/span><\/label>\n\t\t\t<\/p>\n\t\t<\/div>\n\t<\/div>\n\t<div class=\"box-columns flex flex-wrap\">\n\t\t<div class=\"col-12 required\">\n\t\t\t<p>*Pflichtfelder\n\t\t\t<\/p>\n\t\t<\/div>\n\t<\/div>\n\t<div class=\"box-columns box-acceptance\">\n\t\t<div class=\"col-12\">\n\t\t\t<div class=\"dichiarazione_consenso\">\n\t\t\t\t<div class=\"form-item\">\n\t\t\t\t\t<p><span class=\"title-dichiarazione p-big\">Einwilligungserkl\u00e4rung<\/span>\n\t\t\t\t\t<\/p>\n\t\t\t\t<\/div>\n\t\t\t\t<div class=\"im-accordion-form\">\n\t\t\t\t\t<div class=\"im-accordion__toggle flex justify-content-between align-items-center\" data-accordion=\"dichiarazione-accordion\" data-group=\"contact-group-1\" data-close=\"true\">\n\t\t\t\t\t\t<div class=\"im-accordion__title p-big\">\n\t\t\t\t\t\t\t<p><u>Nach dem Durchlesen der Kundeninformation:<\/u>\n\t\t\t\t\t\t\t<\/p>\n\t\t\t\t\t\t<\/div>\n\t\t\t\t\t\t<div class=\"im-accordion__icon icon-close\">\n\t\t\t\t\t\t\t<p><svg xmlns=\"http:\/\/www.w3.org\/2000\/svg\" xmlns:xlink=\"http:\/\/www.w3.org\/1999\/xlink\" shape-rendering=\"geometricPrecision\" class=\"close\"><use xlink:href=\"https:\/\/domiahotel-it.im-media.it\/wp-content\/themes\/domiahotel.it\/assets\/build\/spritemap.svg#ico_plus\"><\/use><\/svg>\n\t\t\t\t\t\t\t<\/p>\n\t\t\t\t\t\t<\/div>\n\t\t\t\t\t<\/div>\n\t\t\t\t\t<div class=\"im-accordion__content\" data-accordion=\"dichiarazione-accordion\">\n\t\t\t\t\t\t<div data-wrapper-height=\"\">\n\t\t\t\t\t\t\t<p><strong>Information gem\u00e4\u00df Art. 13 der Verordnung EU 2016\/679 (&#8222;DSGVO&#8220;):<\/strong>&nbsp;Die auf dieser Website erfassten personenbezogenen Daten werden zu den folgenden Zwecken sowohl im Papierformat als auch elektronisch verarbeitet:\n\t\t\t\t\t\t\t<\/p>\n\t\t\t\t\t\t\t<p>a) Zur Bearbeitung Ihrer Informationsanfrage in Bezug auf unsere Produkte oder unsere Vertragsh\u00e4ndler;\n\t\t\t\t\t\t\t<\/p>\n\t\t\t\t\t\t\t<p>b) f\u00fcr das Zusenden von informativen und kommerziellen Mitteilungen, auch zu Werbezwecken (einschlie\u00dflich unseres Newsletters), von Werbematerial bzw. Waren- und Dienstleistungsangeboten, mit jedwedem (bekannten oder unbekannten) Mittel, einschlie\u00dflich, als reines und nicht allumfassendes Beispiel, Post, Internet, Telefon, E-Mail, MMS, SMS etc.\n\t\t\t\t\t\t\t<\/p>\n\t\t\t\t\t\t\t<p>Die Art der Bereitstellung Ihrer Daten f\u00fcr die Zwecke unter Punkt a) ist notwendig, um Ihrer Informationsanfrage nachkommen zu k\u00f6nnen, wobei Ihre eventuelle Verweigerung diese M\u00f6glichkeit beeintr\u00e4chtigen k\u00f6nnte; w\u00e4hrend die Bereitstellung Ihrer Daten f\u00fcr die Zwecke unter Punkt b) fakultativ sind und eine diesbez\u00fcgliche Verweigerung keine Auswirkungen hinsichtlich der Zwecke des Punktes a) hat. Diese Daten werden von firmeninternem Personal verarbeitet, ausschlie\u00dflich autorisierten Personen mitgeteilt und sind nicht Gegenstand von Verbreitungen. Bez\u00fcglich der bereitgestellten Daten k\u00f6nnen Sie die von Artikel 7 vorgesehenen Rechte geltend machen und einen entsprechenden schriftlichen Antrag an die zust\u00e4ndige Stelle f\u00fcr die Datenverarbeitung schicken: Il Casale di Buccole di Salvatore Falzone &#038; C. S.a.s. &#8211; P.IVA 02424370548 &#8211; info@casaledibuccole.it\n\t\t\t\t\t\t\t<\/p>\n\t\t\t\t\t\t<\/div>\n\t\t\t\t\t<\/div>\n\t\t\t\t<\/div>\n\t\t\t<\/div>\n\t\t\t<div class=\"form-item radios--wrapper\">\n\t\t\t\t<legend><br \/>\n<span class=\"fieldset-legend js-form-required form-required\">Ich stimme zu, dass die personenbezogenen Daten f\u00fcr die Zwecke unter Punkt a) (Informationsanfrage) verwendet werden*<\/span>\n\t\t\t\t<\/legend>\n\t\t\t\t<div class=\"fieldset-wrapper\">\n\t\t\t\t\t<p><span class=\"wpcf7-form-control-wrap\" data-name=\"acceptance-a\"><span class=\"wpcf7-form-control wpcf7-radio\"><span class=\"wpcf7-list-item first\"><label><input type=\"radio\" name=\"acceptance-a\" value=\"Ja\" \/><span class=\"wpcf7-list-item-label\">Ja<\/span><\/label><\/span><span class=\"wpcf7-list-item last\"><label><input type=\"radio\" name=\"acceptance-a\" value=\"Nein\" \/><span class=\"wpcf7-list-item-label\">Nein<\/span><\/label><\/span><\/span><\/span>\n\t\t\t\t\t<\/p>\n\t\t\t\t<\/div>\n\t\t\t<\/div>\n\t\t\t<div class=\"form-item radios--wrapper\">\n\t\t\t\t<legend><br \/>\n<span class=\"fieldset-legend js-form-required form-required\">Ich stimme zu, dass die personenbezogenen Daten f\u00fcr die Zwecke unter Punkt b) (Marketing) verwendet werden*<\/span>\n\t\t\t\t<\/legend>\n\t\t\t\t<div class=\"fieldset-wrapper\">\n\t\t\t\t\t<p><span class=\"wpcf7-form-control-wrap\" data-name=\"acceptance-b\"><span class=\"wpcf7-form-control wpcf7-radio\"><span class=\"wpcf7-list-item first\"><label><input type=\"radio\" name=\"acceptance-b\" value=\"Ja\" \/><span class=\"wpcf7-list-item-label\">Ja<\/span><\/label><\/span><span class=\"wpcf7-list-item last\"><label><input type=\"radio\" name=\"acceptance-b\" value=\"Nein\" \/><span class=\"wpcf7-list-item-label\">Nein<\/span><\/label><\/span><\/span><\/span>\n\t\t\t\t\t<\/p>\n\t\t\t\t<\/div>\n\t\t\t<\/div>\n\t\t<\/div>\n\t<\/div>\n\t<div class=\"box-columns flex flex-wrap\">\n\t\t<div class=\"col-12\">\n\t\t\t<div class=\"form-actions\">\n\t\t\t\t<p><input class=\"wpcf7-form-control wpcf7-submit has-spinner btn-base primary-button\" type=\"submit\" value=\"Absenden\" \/>\n\t\t\t\t<\/p>\n\t\t\t<\/div>\n\t\t<\/div>\n\t<\/div>\n<\/div><div class=\"wpcf7-response-output\" aria-hidden=\"true\"><\/div>\n<\/form>\n<\/div>\n\t<\/div>\n<\/div>\n<!-- \/\/ FORM -->\n<div class=\"cms-content\">\n","protected":false},"excerpt":{"rendered":"","protected":false},"author":1,"featured_media":0,"parent":0,"menu_order":20,"comment_status":"closed","ping_status":"closed","template":"","meta":{"_acf_changed":false,"footnotes":""},"class_list":["post-1581","page","type-page","status-publish","hentry"],"acf":[],"yoast_head":"<!-- This site is optimized with the Yoast SEO plugin v27.3 - https:\/\/yoast.com\/product\/yoast-seo-wordpress\/ -->\n<title>Kontakte - Il Casale di Buccole<\/title>\n<meta name=\"description\" content=\"M\u00f6chten Sie mit Casale di Buccole Kontakt aufnehmen? Auf dieser Seite finden Sie unsere E-Mail-Adresse, Telefonnummer und eine Wegbeschreibung.\" \/>\n<meta name=\"robots\" content=\"index, follow, max-snippet:-1, max-image-preview:large, max-video-preview:-1\" \/>\n<link rel=\"canonical\" href=\"https:\/\/www.casaledibuccole.it\/de\/kontakte\/\" \/>\n<meta property=\"og:locale\" content=\"de_DE\" \/>\n<meta property=\"og:type\" content=\"article\" \/>\n<meta property=\"og:title\" content=\"Kontakte - Il Casale di Buccole\" \/>\n<meta property=\"og:description\" content=\"M\u00f6chten Sie mit Casale di Buccole Kontakt aufnehmen? Auf dieser Seite finden Sie unsere E-Mail-Adresse, Telefonnummer und eine Wegbeschreibung.\" \/>\n<meta property=\"og:url\" content=\"https:\/\/www.casaledibuccole.it\/de\/kontakte\/\" \/>\n<meta property=\"og:site_name\" content=\"Il Casale di Buccole\" \/>\n<meta property=\"article:publisher\" content=\"https:\/\/www.facebook.com\/casaledibuccole\" \/>\n<meta property=\"article:modified_time\" content=\"2023-05-19T07:52:04+00:00\" \/>\n<meta property=\"og:image\" content=\"https:\/\/casaledibuccole-it.cdn-immedia.net\/wp-content\/uploads\/2023\/03\/og-casale.png\" \/>\n\t<meta property=\"og:image:width\" content=\"1200\" \/>\n\t<meta property=\"og:image:height\" content=\"900\" \/>\n\t<meta property=\"og:image:type\" content=\"image\/png\" \/>\n<meta name=\"twitter:card\" content=\"summary_large_image\" \/>\n<script type=\"application\/ld+json\" class=\"yoast-schema-graph\">{\"@context\":\"https:\\\/\\\/schema.org\",\"@graph\":[{\"@type\":\"WebPage\",\"@id\":\"https:\\\/\\\/www.casaledibuccole.it\\\/de\\\/kontakte\\\/\",\"url\":\"https:\\\/\\\/www.casaledibuccole.it\\\/de\\\/kontakte\\\/\",\"name\":\"Kontakte - Il Casale di Buccole\",\"isPartOf\":{\"@id\":\"https:\\\/\\\/www.casaledibuccole.it\\\/de\\\/#website\"},\"datePublished\":\"2023-03-14T13:13:06+00:00\",\"dateModified\":\"2023-05-19T07:52:04+00:00\",\"description\":\"M\u00f6chten Sie mit Casale di Buccole Kontakt aufnehmen? Auf dieser Seite finden Sie unsere E-Mail-Adresse, Telefonnummer und eine Wegbeschreibung.\",\"breadcrumb\":{\"@id\":\"https:\\\/\\\/www.casaledibuccole.it\\\/de\\\/kontakte\\\/#breadcrumb\"},\"inLanguage\":\"de\",\"potentialAction\":[{\"@type\":\"ReadAction\",\"target\":[\"https:\\\/\\\/www.casaledibuccole.it\\\/de\\\/kontakte\\\/\"]}]},{\"@type\":\"BreadcrumbList\",\"@id\":\"https:\\\/\\\/www.casaledibuccole.it\\\/de\\\/kontakte\\\/#breadcrumb\",\"itemListElement\":[{\"@type\":\"ListItem\",\"position\":1,\"name\":\"Home\",\"item\":\"https:\\\/\\\/www.casaledibuccole.it\\\/de\\\/\"},{\"@type\":\"ListItem\",\"position\":2,\"name\":\"Kontakte\"}]},{\"@type\":\"WebSite\",\"@id\":\"https:\\\/\\\/www.casaledibuccole.it\\\/de\\\/#website\",\"url\":\"https:\\\/\\\/www.casaledibuccole.it\\\/de\\\/\",\"name\":\"Il Casale di Buccole\",\"description\":\"\",\"publisher\":{\"@id\":\"https:\\\/\\\/www.casaledibuccole.it\\\/de\\\/#organization\"},\"potentialAction\":[{\"@type\":\"SearchAction\",\"target\":{\"@type\":\"EntryPoint\",\"urlTemplate\":\"https:\\\/\\\/www.casaledibuccole.it\\\/de\\\/?s={search_term_string}\"},\"query-input\":{\"@type\":\"PropertyValueSpecification\",\"valueRequired\":true,\"valueName\":\"search_term_string\"}}],\"inLanguage\":\"de\"},{\"@type\":\"Organization\",\"@id\":\"https:\\\/\\\/www.casaledibuccole.it\\\/de\\\/#organization\",\"name\":\"Il Casale di Buccole\",\"url\":\"https:\\\/\\\/www.casaledibuccole.it\\\/de\\\/\",\"logo\":{\"@type\":\"ImageObject\",\"inLanguage\":\"de\",\"@id\":\"https:\\\/\\\/www.casaledibuccole.it\\\/de\\\/#\\\/schema\\\/logo\\\/image\\\/\",\"url\":\"https:\\\/\\\/www.casaledibuccole.it\\\/wp-content\\\/uploads\\\/2023\\\/03\\\/Logo.png\",\"contentUrl\":\"https:\\\/\\\/www.casaledibuccole.it\\\/wp-content\\\/uploads\\\/2023\\\/03\\\/Logo.png\",\"width\":300,\"height\":300,\"caption\":\"Il Casale di Buccole\"},\"image\":{\"@id\":\"https:\\\/\\\/www.casaledibuccole.it\\\/de\\\/#\\\/schema\\\/logo\\\/image\\\/\"},\"sameAs\":[\"https:\\\/\\\/www.facebook.com\\\/casaledibuccole\"]}]}<\/script>\n<!-- \/ Yoast SEO plugin. -->","yoast_head_json":{"title":"Kontakte - Il Casale di Buccole","description":"M\u00f6chten Sie mit Casale di Buccole Kontakt aufnehmen? Auf dieser Seite finden Sie unsere E-Mail-Adresse, Telefonnummer und eine Wegbeschreibung.","robots":{"index":"index","follow":"follow","max-snippet":"max-snippet:-1","max-image-preview":"max-image-preview:large","max-video-preview":"max-video-preview:-1"},"canonical":"https:\/\/www.casaledibuccole.it\/de\/kontakte\/","og_locale":"de_DE","og_type":"article","og_title":"Kontakte - Il Casale di Buccole","og_description":"M\u00f6chten Sie mit Casale di Buccole Kontakt aufnehmen? Auf dieser Seite finden Sie unsere E-Mail-Adresse, Telefonnummer und eine Wegbeschreibung.","og_url":"https:\/\/www.casaledibuccole.it\/de\/kontakte\/","og_site_name":"Il Casale di Buccole","article_publisher":"https:\/\/www.facebook.com\/casaledibuccole","article_modified_time":"2023-05-19T07:52:04+00:00","og_image":[{"width":1200,"height":900,"url":"https:\/\/casaledibuccole-it.cdn-immedia.net\/wp-content\/uploads\/2023\/03\/og-casale.png","type":"image\/png"}],"twitter_card":"summary_large_image","schema":{"@context":"https:\/\/schema.org","@graph":[{"@type":"WebPage","@id":"https:\/\/www.casaledibuccole.it\/de\/kontakte\/","url":"https:\/\/www.casaledibuccole.it\/de\/kontakte\/","name":"Kontakte - Il Casale di Buccole","isPartOf":{"@id":"https:\/\/www.casaledibuccole.it\/de\/#website"},"datePublished":"2023-03-14T13:13:06+00:00","dateModified":"2023-05-19T07:52:04+00:00","description":"M\u00f6chten Sie mit Casale di Buccole Kontakt aufnehmen? Auf dieser Seite finden Sie unsere E-Mail-Adresse, Telefonnummer und eine Wegbeschreibung.","breadcrumb":{"@id":"https:\/\/www.casaledibuccole.it\/de\/kontakte\/#breadcrumb"},"inLanguage":"de","potentialAction":[{"@type":"ReadAction","target":["https:\/\/www.casaledibuccole.it\/de\/kontakte\/"]}]},{"@type":"BreadcrumbList","@id":"https:\/\/www.casaledibuccole.it\/de\/kontakte\/#breadcrumb","itemListElement":[{"@type":"ListItem","position":1,"name":"Home","item":"https:\/\/www.casaledibuccole.it\/de\/"},{"@type":"ListItem","position":2,"name":"Kontakte"}]},{"@type":"WebSite","@id":"https:\/\/www.casaledibuccole.it\/de\/#website","url":"https:\/\/www.casaledibuccole.it\/de\/","name":"Il Casale di Buccole","description":"","publisher":{"@id":"https:\/\/www.casaledibuccole.it\/de\/#organization"},"potentialAction":[{"@type":"SearchAction","target":{"@type":"EntryPoint","urlTemplate":"https:\/\/www.casaledibuccole.it\/de\/?s={search_term_string}"},"query-input":{"@type":"PropertyValueSpecification","valueRequired":true,"valueName":"search_term_string"}}],"inLanguage":"de"},{"@type":"Organization","@id":"https:\/\/www.casaledibuccole.it\/de\/#organization","name":"Il Casale di Buccole","url":"https:\/\/www.casaledibuccole.it\/de\/","logo":{"@type":"ImageObject","inLanguage":"de","@id":"https:\/\/www.casaledibuccole.it\/de\/#\/schema\/logo\/image\/","url":"https:\/\/casaledibuccole-it.cdn-immedia.net\/wp-content\/uploads\/2023\/03\/Logo.png","contentUrl":"https:\/\/casaledibuccole-it.cdn-immedia.net\/wp-content\/uploads\/2023\/03\/Logo.png","width":300,"height":300,"caption":"Il Casale di Buccole"},"image":{"@id":"https:\/\/www.casaledibuccole.it\/de\/#\/schema\/logo\/image\/"},"sameAs":["https:\/\/www.facebook.com\/casaledibuccole"]}]}},"_links":{"self":[{"href":"https:\/\/www.casaledibuccole.it\/de\/wp-json\/wp\/v2\/pages\/1581","targetHints":{"allow":["GET"]}}],"collection":[{"href":"https:\/\/www.casaledibuccole.it\/de\/wp-json\/wp\/v2\/pages"}],"about":[{"href":"https:\/\/www.casaledibuccole.it\/de\/wp-json\/wp\/v2\/types\/page"}],"author":[{"embeddable":true,"href":"https:\/\/www.casaledibuccole.it\/de\/wp-json\/wp\/v2\/users\/1"}],"replies":[{"embeddable":true,"href":"https:\/\/www.casaledibuccole.it\/de\/wp-json\/wp\/v2\/comments?post=1581"}],"version-history":[{"count":1,"href":"https:\/\/www.casaledibuccole.it\/de\/wp-json\/wp\/v2\/pages\/1581\/revisions"}],"predecessor-version":[{"id":1583,"href":"https:\/\/www.casaledibuccole.it\/de\/wp-json\/wp\/v2\/pages\/1581\/revisions\/1583"}],"wp:attachment":[{"href":"https:\/\/www.casaledibuccole.it\/de\/wp-json\/wp\/v2\/media?parent=1581"}],"curies":[{"name":"wp","href":"https:\/\/api.w.org\/{rel}","templated":true}]}}