{"id":1211,"date":"2023-03-06T10:31:35","date_gmt":"2023-03-06T09:31:35","guid":{"rendered":"https:\/\/www.casaledibuccole.it\/spa-benessere\/"},"modified":"2023-05-19T09:49:46","modified_gmt":"2023-05-19T07:49:46","slug":"spa-und-schwimmbad","status":"publish","type":"page","link":"https:\/\/www.casaledibuccole.it\/de\/spa-und-schwimmbad\/","title":{"rendered":"Spa und Schwimmbad"},"content":{"rendered":"<\/div>\n<div class=\"im-text-img-var bg-light padding \">\n\t<div class=\"im-text-img-var__container flex container flex-row flex-column-mt\">\n\t\t<div class=\"im-text-img-var__column im-text-img-var__column-text\">\n\t\t\t<div class=\"im-text-img-var__text-wrap fade\">\n\t\t\t\t\t\t\t\t<span class=\"im-text-img-var__over-head over-head\">Spa und Schwimmbad<\/span>\n\t\t\t\t\n\t\t\t\t\t\t\t\t<h2 class=\"im-text-img-var__title h2\">Spa-Bereich \u201eLe Buccole\u201c, ein Juwel unter den Olivenb\u00e4umen<\/h2>\n\t\t\t\t\n\t\t\t\t\t\t\t\t<div class=\"im-text-img-var__paragraphs\">\n\t\t\t\t<p>T\u00fcrkisches Bad, Infrarotsauna, Erlebnisdusche, Massagekabine, Minischwimmbad mit Whirlpool und Wasserfall, Entspannungsbereich mit Kr\u00e4utertees und Kamin. Wir bereiten Ihnen einen entspannenden und erlebnisreichen Wellnessaufenthalt.<\/p>\n<p>Machen Sie es sich bei einer Sch\u00f6nheitsbehandlung gem\u00fctlich: Massagen mit hei\u00dfen Steinen bei Kerzenlicht, Masken, Peelings und vieles mehr.<\/p>\n<p>MANEGE S. BIAGIO, mit Reitschule, die f\u00fcr wundersch\u00f6ne Ausritte in die Gebirgslandschaft Umbriens mit dem 15 km entfernten Landhaus konventioniert ist.<\/p>\n<p>GOLFPLATZ in 40 km Entfernung<\/p>\n<p>KOCHKURSE (mindestens 4 Teilnehmer)<\/p>\n\t\t\t\t<\/div>\n\t\t\t\t\n\t\t\t\t\t\t\t\t<a href=\"https:\/\/www.casaledibuccole.it\/de\/zimmer\/\" class=\"btn-base\" title=\"Buchen sie ein zimmer\" target=\"\">Buchen sie ein zimmer<\/a>\n\t\t\t\t\n\t\t\t<\/div>\n\t\t<\/div>\n\t\t\t\t<div class=\"im-text-img-var__column im-text-img-var__column-media min-height fade\">\n\t\t\t<picture>\n\t\t\t\t<source\n\t\t\t\t\ttype=\"image\/webp\"\n\t\t\t\t\tsrcset=\"https:\/\/casaledibuccole-it.cdn-immedia.net\/wp-content\/themes\/casaledibuccole.it\/assets\/img\/spacer\/spacer.png\"\n\t\t\t\t\tdata-srcset=\"https:\/\/casaledibuccole-it.cdn-immedia.net\/wp-content\/uploads\/2023\/04\/agriturismo-umbria-con-spa-1-800x787.jpg\">\n\t\t\t\t<img\n\t\t\t\t\tsrc=\"https:\/\/casaledibuccole-it.cdn-immedia.net\/wp-content\/themes\/casaledibuccole.it\/assets\/img\/spacer\/spacer.png\"\n\t\t\t\t\tdata-src=\"https:\/\/casaledibuccole-it.cdn-immedia.net\/wp-content\/uploads\/2023\/04\/agriturismo-umbria-con-spa-1-800x787.jpg\"\n\t\t\t\t\talt=\"Spa-Bereich \u201eLe Buccole\u201c, ein Juwel unter den Olivenb\u00e4umen\"\n\t\t\t\t\twidth=\"800\" height=\"800\" class=\"lazyload\">\n\t\t\t<\/picture>\n    \t<\/div>\n\t\t  \t<\/div>\n<\/div>\n<div class=\"cms-content\">\n\n<\/div>\n<div class=\"im-carousel-gallery bg-white \">\n  <div class=\"im-carousel-gallery__container container padding\">\n        <div class=\"im-carousel-gallery__wrap fade\">\n      <div class=\"swiper-container\">\n\t\t\t\t<div class=\"swiper-wrapper lightgallery\">\n\t\t\t\t\t          <div class=\"im-carousel-gallery__media swiper-slide\" data-exthumbimage=\"https:\/\/casaledibuccole-it.cdn-immedia.net\/wp-content\/uploads\/2023\/04\/249-3-150x150.jpg\"  data-src=\"https:\/\/casaledibuccole-it.cdn-immedia.net\/wp-content\/uploads\/2023\/04\/249-3.jpg\">\n\t\t\t\t\t\t\t\t\t\t\t\t<picture>\n\t\t\t\t\t\t\t<source\n\t\t\t\t\t\t\t\ttype=\"image\/webp\"\n\t\t\t\t\t\t\t\tsrcset=\"https:\/\/casaledibuccole-it.cdn-immedia.net\/wp-content\/themes\/casaledibuccole.it\/assets\/img\/spacer\/spacer.png\"\n\t\t\t\t\t\t\t\tdata-srcset=\"https:\/\/casaledibuccole-it.cdn-immedia.net\/wp-content\/uploads\/2023\/04\/249-3-800x585.jpg\">\n\t\t\t\t\t\t\t<img decoding=\"async\" src=\"https:\/\/casaledibuccole-it.cdn-immedia.net\/wp-content\/themes\/casaledibuccole.it\/assets\/img\/spacer\/spacer.png\"\n\t\t\t\t\t\t\t\tdata-src=\"https:\/\/casaledibuccole-it.cdn-immedia.net\/wp-content\/uploads\/2023\/04\/249-3-800x585.jpg\" alt=\"Il Casale di Buccole | Country House\"\n\t\t\t\t\t\t\t\twidth=\"800\" height=\"800\" class=\"lazyload\">\n\t\t\t\t\t\t<\/picture>\n            <div class=\"im-carousel-gallery__icon\">\n              <svg xmlns=\"http:\/\/www.w3.org\/2000\/svg\" xmlns:xlink=\"http:\/\/www.w3.org\/1999\/xlink\"\n                shape-rendering=\"geometricPrecision\" class=\"icon\">\n                <use xlink:href=\"https:\/\/www.casaledibuccole.it\/wp-content\/themes\/casaledibuccole.it\/assets\/build\/spritemap.svg#ico_fullscreen\"><\/use>\n              <\/svg>\n            <\/div>\n          <\/div>\n                    <div class=\"im-carousel-gallery__media swiper-slide\" data-exthumbimage=\"https:\/\/casaledibuccole-it.cdn-immedia.net\/wp-content\/uploads\/2023\/04\/201-3-1-150x150.jpg\"  data-src=\"https:\/\/casaledibuccole-it.cdn-immedia.net\/wp-content\/uploads\/2023\/04\/201-3-1.jpg\">\n\t\t\t\t\t\t\t\t\t\t\t\t<picture>\n\t\t\t\t\t\t\t<source\n\t\t\t\t\t\t\t\ttype=\"image\/webp\"\n\t\t\t\t\t\t\t\tsrcset=\"https:\/\/casaledibuccole-it.cdn-immedia.net\/wp-content\/themes\/casaledibuccole.it\/assets\/img\/spacer\/spacer.png\"\n\t\t\t\t\t\t\t\tdata-srcset=\"https:\/\/casaledibuccole-it.cdn-immedia.net\/wp-content\/uploads\/2023\/04\/201-3-1-800x666.jpg\">\n\t\t\t\t\t\t\t<img decoding=\"async\" src=\"https:\/\/casaledibuccole-it.cdn-immedia.net\/wp-content\/themes\/casaledibuccole.it\/assets\/img\/spacer\/spacer.png\"\n\t\t\t\t\t\t\t\tdata-src=\"https:\/\/casaledibuccole-it.cdn-immedia.net\/wp-content\/uploads\/2023\/04\/249-3-800x585.jpg\" alt=\"Il Casale di Buccole | Country House\"\n\t\t\t\t\t\t\t\twidth=\"800\" height=\"800\" class=\"lazyload\">\n\t\t\t\t\t\t<\/picture>\n            <div class=\"im-carousel-gallery__icon\">\n              <svg xmlns=\"http:\/\/www.w3.org\/2000\/svg\" xmlns:xlink=\"http:\/\/www.w3.org\/1999\/xlink\"\n                shape-rendering=\"geometricPrecision\" class=\"icon\">\n                <use xlink:href=\"https:\/\/www.casaledibuccole.it\/wp-content\/themes\/casaledibuccole.it\/assets\/build\/spritemap.svg#ico_fullscreen\"><\/use>\n              <\/svg>\n            <\/div>\n          <\/div>\n                    <div class=\"im-carousel-gallery__media swiper-slide\" data-exthumbimage=\"https:\/\/casaledibuccole-it.cdn-immedia.net\/wp-content\/uploads\/2023\/04\/agriturismo_resort_umbria_spa-150x150.jpg\"  data-src=\"https:\/\/casaledibuccole-it.cdn-immedia.net\/wp-content\/uploads\/2023\/04\/agriturismo_resort_umbria_spa.jpg\">\n\t\t\t\t\t\t\t\t\t\t\t\t<picture>\n\t\t\t\t\t\t\t<source\n\t\t\t\t\t\t\t\ttype=\"image\/webp\"\n\t\t\t\t\t\t\t\tsrcset=\"https:\/\/casaledibuccole-it.cdn-immedia.net\/wp-content\/themes\/casaledibuccole.it\/assets\/img\/spacer\/spacer.png\"\n\t\t\t\t\t\t\t\tdata-srcset=\"https:\/\/casaledibuccole-it.cdn-immedia.net\/wp-content\/uploads\/2023\/04\/agriturismo_resort_umbria_spa-800x800.jpg\">\n\t\t\t\t\t\t\t<img decoding=\"async\" src=\"https:\/\/casaledibuccole-it.cdn-immedia.net\/wp-content\/themes\/casaledibuccole.it\/assets\/img\/spacer\/spacer.png\"\n\t\t\t\t\t\t\t\tdata-src=\"https:\/\/casaledibuccole-it.cdn-immedia.net\/wp-content\/uploads\/2023\/04\/249-3-800x585.jpg\" alt=\"Il Casale di Buccole | Country House\"\n\t\t\t\t\t\t\t\twidth=\"800\" height=\"800\" class=\"lazyload\">\n\t\t\t\t\t\t<\/picture>\n            <div class=\"im-carousel-gallery__icon\">\n              <svg xmlns=\"http:\/\/www.w3.org\/2000\/svg\" xmlns:xlink=\"http:\/\/www.w3.org\/1999\/xlink\"\n                shape-rendering=\"geometricPrecision\" class=\"icon\">\n                <use xlink:href=\"https:\/\/www.casaledibuccole.it\/wp-content\/themes\/casaledibuccole.it\/assets\/build\/spritemap.svg#ico_fullscreen\"><\/use>\n              <\/svg>\n            <\/div>\n          <\/div>\n                    <div class=\"im-carousel-gallery__media swiper-slide\" data-exthumbimage=\"https:\/\/casaledibuccole-it.cdn-immedia.net\/wp-content\/uploads\/2023\/04\/ZM3Y0033-2-150x150.jpg\"  data-src=\"https:\/\/casaledibuccole-it.cdn-immedia.net\/wp-content\/uploads\/2023\/04\/ZM3Y0033-2-scaled.jpg\">\n\t\t\t\t\t\t\t\t\t\t\t\t<picture>\n\t\t\t\t\t\t\t<source\n\t\t\t\t\t\t\t\ttype=\"image\/webp\"\n\t\t\t\t\t\t\t\tsrcset=\"https:\/\/casaledibuccole-it.cdn-immedia.net\/wp-content\/themes\/casaledibuccole.it\/assets\/img\/spacer\/spacer.png\"\n\t\t\t\t\t\t\t\tdata-srcset=\"https:\/\/casaledibuccole-it.cdn-immedia.net\/wp-content\/uploads\/2023\/04\/ZM3Y0033-2-800x800.jpg\">\n\t\t\t\t\t\t\t<img decoding=\"async\" src=\"https:\/\/casaledibuccole-it.cdn-immedia.net\/wp-content\/themes\/casaledibuccole.it\/assets\/img\/spacer\/spacer.png\"\n\t\t\t\t\t\t\t\tdata-src=\"https:\/\/casaledibuccole-it.cdn-immedia.net\/wp-content\/uploads\/2023\/04\/249-3-800x585.jpg\" alt=\"Il Casale di Buccole | Country House\"\n\t\t\t\t\t\t\t\twidth=\"800\" height=\"800\" class=\"lazyload\">\n\t\t\t\t\t\t<\/picture>\n            <div class=\"im-carousel-gallery__icon\">\n              <svg xmlns=\"http:\/\/www.w3.org\/2000\/svg\" xmlns:xlink=\"http:\/\/www.w3.org\/1999\/xlink\"\n                shape-rendering=\"geometricPrecision\" class=\"icon\">\n                <use xlink:href=\"https:\/\/www.casaledibuccole.it\/wp-content\/themes\/casaledibuccole.it\/assets\/build\/spritemap.svg#ico_fullscreen\"><\/use>\n              <\/svg>\n            <\/div>\n          <\/div>\n                    <div class=\"im-carousel-gallery__media swiper-slide\" data-exthumbimage=\"https:\/\/casaledibuccole-it.cdn-immedia.net\/wp-content\/uploads\/2023\/04\/208-3-150x150.jpg\"  data-src=\"https:\/\/casaledibuccole-it.cdn-immedia.net\/wp-content\/uploads\/2023\/04\/208-3.jpg\">\n\t\t\t\t\t\t\t\t\t\t\t\t<picture>\n\t\t\t\t\t\t\t<source\n\t\t\t\t\t\t\t\ttype=\"image\/webp\"\n\t\t\t\t\t\t\t\tsrcset=\"https:\/\/casaledibuccole-it.cdn-immedia.net\/wp-content\/themes\/casaledibuccole.it\/assets\/img\/spacer\/spacer.png\"\n\t\t\t\t\t\t\t\tdata-srcset=\"https:\/\/casaledibuccole-it.cdn-immedia.net\/wp-content\/uploads\/2023\/04\/208-3-800x787.jpg\">\n\t\t\t\t\t\t\t<img decoding=\"async\" src=\"https:\/\/casaledibuccole-it.cdn-immedia.net\/wp-content\/themes\/casaledibuccole.it\/assets\/img\/spacer\/spacer.png\"\n\t\t\t\t\t\t\t\tdata-src=\"https:\/\/casaledibuccole-it.cdn-immedia.net\/wp-content\/uploads\/2023\/04\/249-3-800x585.jpg\" alt=\"Il Casale di Buccole | Country House\"\n\t\t\t\t\t\t\t\twidth=\"800\" height=\"800\" class=\"lazyload\">\n\t\t\t\t\t\t<\/picture>\n            <div class=\"im-carousel-gallery__icon\">\n              <svg xmlns=\"http:\/\/www.w3.org\/2000\/svg\" xmlns:xlink=\"http:\/\/www.w3.org\/1999\/xlink\"\n                shape-rendering=\"geometricPrecision\" class=\"icon\">\n                <use xlink:href=\"https:\/\/www.casaledibuccole.it\/wp-content\/themes\/casaledibuccole.it\/assets\/build\/spritemap.svg#ico_fullscreen\"><\/use>\n              <\/svg>\n            <\/div>\n          <\/div>\n                    <div class=\"im-carousel-gallery__media swiper-slide\" data-exthumbimage=\"https:\/\/casaledibuccole-it.cdn-immedia.net\/wp-content\/uploads\/2023\/04\/204-3-150x150.jpg\"  data-src=\"https:\/\/casaledibuccole-it.cdn-immedia.net\/wp-content\/uploads\/2023\/04\/204-3.jpg\">\n\t\t\t\t\t\t\t\t\t\t\t\t<picture>\n\t\t\t\t\t\t\t<source\n\t\t\t\t\t\t\t\ttype=\"image\/webp\"\n\t\t\t\t\t\t\t\tsrcset=\"https:\/\/casaledibuccole-it.cdn-immedia.net\/wp-content\/themes\/casaledibuccole.it\/assets\/img\/spacer\/spacer.png\"\n\t\t\t\t\t\t\t\tdata-srcset=\"https:\/\/casaledibuccole-it.cdn-immedia.net\/wp-content\/uploads\/2023\/04\/204-3-800x750.jpg\">\n\t\t\t\t\t\t\t<img decoding=\"async\" src=\"https:\/\/casaledibuccole-it.cdn-immedia.net\/wp-content\/themes\/casaledibuccole.it\/assets\/img\/spacer\/spacer.png\"\n\t\t\t\t\t\t\t\tdata-src=\"https:\/\/casaledibuccole-it.cdn-immedia.net\/wp-content\/uploads\/2023\/04\/249-3-800x585.jpg\" alt=\"Il Casale di Buccole | Country House\"\n\t\t\t\t\t\t\t\twidth=\"800\" height=\"800\" class=\"lazyload\">\n\t\t\t\t\t\t<\/picture>\n            <div class=\"im-carousel-gallery__icon\">\n              <svg xmlns=\"http:\/\/www.w3.org\/2000\/svg\" xmlns:xlink=\"http:\/\/www.w3.org\/1999\/xlink\"\n                shape-rendering=\"geometricPrecision\" class=\"icon\">\n                <use xlink:href=\"https:\/\/www.casaledibuccole.it\/wp-content\/themes\/casaledibuccole.it\/assets\/build\/spritemap.svg#ico_fullscreen\"><\/use>\n              <\/svg>\n            <\/div>\n          <\/div>\n                    <div class=\"im-carousel-gallery__media swiper-slide\" data-exthumbimage=\"https:\/\/casaledibuccole-it.cdn-immedia.net\/wp-content\/uploads\/2023\/04\/209-3-150x150.jpg\"  data-src=\"https:\/\/casaledibuccole-it.cdn-immedia.net\/wp-content\/uploads\/2023\/04\/209-3.jpg\">\n\t\t\t\t\t\t\t\t\t\t\t\t<picture>\n\t\t\t\t\t\t\t<source\n\t\t\t\t\t\t\t\ttype=\"image\/webp\"\n\t\t\t\t\t\t\t\tsrcset=\"https:\/\/casaledibuccole-it.cdn-immedia.net\/wp-content\/themes\/casaledibuccole.it\/assets\/img\/spacer\/spacer.png\"\n\t\t\t\t\t\t\t\tdata-srcset=\"https:\/\/casaledibuccole-it.cdn-immedia.net\/wp-content\/uploads\/2023\/04\/209-3-800x787.jpg\">\n\t\t\t\t\t\t\t<img decoding=\"async\" src=\"https:\/\/casaledibuccole-it.cdn-immedia.net\/wp-content\/themes\/casaledibuccole.it\/assets\/img\/spacer\/spacer.png\"\n\t\t\t\t\t\t\t\tdata-src=\"https:\/\/casaledibuccole-it.cdn-immedia.net\/wp-content\/uploads\/2023\/04\/249-3-800x585.jpg\" alt=\"Il Casale di Buccole | Country House\"\n\t\t\t\t\t\t\t\twidth=\"800\" height=\"800\" class=\"lazyload\">\n\t\t\t\t\t\t<\/picture>\n            <div class=\"im-carousel-gallery__icon\">\n              <svg xmlns=\"http:\/\/www.w3.org\/2000\/svg\" xmlns:xlink=\"http:\/\/www.w3.org\/1999\/xlink\"\n                shape-rendering=\"geometricPrecision\" class=\"icon\">\n                <use xlink:href=\"https:\/\/www.casaledibuccole.it\/wp-content\/themes\/casaledibuccole.it\/assets\/build\/spritemap.svg#ico_fullscreen\"><\/use>\n              <\/svg>\n            <\/div>\n          <\/div>\n                    <div class=\"im-carousel-gallery__media swiper-slide\" data-exthumbimage=\"https:\/\/casaledibuccole-it.cdn-immedia.net\/wp-content\/uploads\/2023\/04\/250-3-150x150.jpg\"  data-src=\"https:\/\/casaledibuccole-it.cdn-immedia.net\/wp-content\/uploads\/2023\/04\/250-3.jpg\">\n\t\t\t\t\t\t\t\t\t\t\t\t<picture>\n\t\t\t\t\t\t\t<source\n\t\t\t\t\t\t\t\ttype=\"image\/webp\"\n\t\t\t\t\t\t\t\tsrcset=\"https:\/\/casaledibuccole-it.cdn-immedia.net\/wp-content\/themes\/casaledibuccole.it\/assets\/img\/spacer\/spacer.png\"\n\t\t\t\t\t\t\t\tdata-srcset=\"https:\/\/casaledibuccole-it.cdn-immedia.net\/wp-content\/uploads\/2023\/04\/250-3-800x800.jpg\">\n\t\t\t\t\t\t\t<img decoding=\"async\" src=\"https:\/\/casaledibuccole-it.cdn-immedia.net\/wp-content\/themes\/casaledibuccole.it\/assets\/img\/spacer\/spacer.png\"\n\t\t\t\t\t\t\t\tdata-src=\"https:\/\/casaledibuccole-it.cdn-immedia.net\/wp-content\/uploads\/2023\/04\/249-3-800x585.jpg\" alt=\"Il Casale di Buccole | Country House\"\n\t\t\t\t\t\t\t\twidth=\"800\" height=\"800\" class=\"lazyload\">\n\t\t\t\t\t\t<\/picture>\n            <div class=\"im-carousel-gallery__icon\">\n              <svg xmlns=\"http:\/\/www.w3.org\/2000\/svg\" xmlns:xlink=\"http:\/\/www.w3.org\/1999\/xlink\"\n                shape-rendering=\"geometricPrecision\" class=\"icon\">\n                <use xlink:href=\"https:\/\/www.casaledibuccole.it\/wp-content\/themes\/casaledibuccole.it\/assets\/build\/spritemap.svg#ico_fullscreen\"><\/use>\n              <\/svg>\n            <\/div>\n          <\/div>\n                  <\/div>\n\t\t\t\t<div class=\"swiper-button-prev\">\n          <svg xmlns=\"http:\/\/www.w3.org\/2000\/svg\" xmlns:xlink=\"http:\/\/www.w3.org\/1999\/xlink\"\n            shape-rendering=\"geometricPrecision\" class=\"icon\">\n            <use xlink:href=\"https:\/\/www.casaledibuccole.it\/wp-content\/themes\/casaledibuccole.it\/assets\/build\/spritemap.svg#ico_prev\"><\/use>\n          <\/svg>\n        <\/div>\n        <div class=\"swiper-button-next\">\n          <svg xmlns=\"http:\/\/www.w3.org\/2000\/svg\" xmlns:xlink=\"http:\/\/www.w3.org\/1999\/xlink\"\n            shape-rendering=\"geometricPrecision\" class=\"icon\">\n            <use xlink:href=\"https:\/\/www.casaledibuccole.it\/wp-content\/themes\/casaledibuccole.it\/assets\/build\/spritemap.svg#ico_next\"><\/use>\n          <\/svg>\n        <\/div>\n      <\/div>\n      <div class=\"swiper-pagination bullets\"><\/div>\n    <\/div>\n  <\/div>\n<\/div>\n<div class=\"cms-content\">\n","protected":false},"excerpt":{"rendered":"","protected":false},"author":1,"featured_media":1643,"parent":0,"menu_order":16,"comment_status":"closed","ping_status":"closed","template":"","meta":{"_acf_changed":false,"footnotes":""},"class_list":["post-1211","page","type-page","status-publish","has-post-thumbnail","hentry"],"acf":[],"yoast_head":"<!-- This site is optimized with the Yoast SEO plugin v27.3 - https:\/\/yoast.com\/product\/yoast-seo-wordpress\/ -->\n<title>Spa und Schwimmbad - Il Casale di Buccole<\/title>\n<meta name=\"description\" content=\"Das SPA von Casale di Buccole umfasst: Au\u00dfenpool mit beheiztem Wasser, t\u00fcrkisches Bad, Sauna und Massagezentrum. Buchen Sie jetzt!\" \/>\n<meta name=\"robots\" content=\"index, follow, max-snippet:-1, max-image-preview:large, max-video-preview:-1\" \/>\n<link rel=\"canonical\" href=\"https:\/\/www.casaledibuccole.it\/de\/spa-und-schwimmbad\/\" \/>\n<meta property=\"og:locale\" content=\"de_DE\" \/>\n<meta property=\"og:type\" content=\"article\" \/>\n<meta property=\"og:title\" content=\"Spa und Schwimmbad - Il Casale di Buccole\" \/>\n<meta property=\"og:description\" content=\"Das SPA von Casale di Buccole umfasst: Au\u00dfenpool mit beheiztem Wasser, t\u00fcrkisches Bad, Sauna und Massagezentrum. Buchen Sie jetzt!\" \/>\n<meta property=\"og:url\" content=\"https:\/\/www.casaledibuccole.it\/de\/spa-und-schwimmbad\/\" \/>\n<meta property=\"og:site_name\" content=\"Il Casale di Buccole\" \/>\n<meta property=\"article:publisher\" content=\"https:\/\/www.facebook.com\/casaledibuccole\" \/>\n<meta property=\"article:modified_time\" content=\"2023-05-19T07:49:46+00:00\" \/>\n<meta property=\"og:image\" content=\"https:\/\/casaledibuccole-it.cdn-immedia.net\/wp-content\/uploads\/2023\/03\/og-casale.png\" \/>\n\t<meta property=\"og:image:width\" content=\"1181\" \/>\n\t<meta property=\"og:image:height\" content=\"787\" \/>\n\t<meta property=\"og:image:type\" content=\"image\/jpeg\" \/>\n<meta name=\"twitter:card\" content=\"summary_large_image\" \/>\n<script type=\"application\/ld+json\" class=\"yoast-schema-graph\">{\"@context\":\"https:\\\/\\\/schema.org\",\"@graph\":[{\"@type\":\"WebPage\",\"@id\":\"https:\\\/\\\/www.casaledibuccole.it\\\/de\\\/spa-und-schwimmbad\\\/\",\"url\":\"https:\\\/\\\/www.casaledibuccole.it\\\/de\\\/spa-und-schwimmbad\\\/\",\"name\":\"Spa und Schwimmbad - Il Casale di Buccole\",\"isPartOf\":{\"@id\":\"https:\\\/\\\/www.casaledibuccole.it\\\/de\\\/#website\"},\"primaryImageOfPage\":{\"@id\":\"https:\\\/\\\/www.casaledibuccole.it\\\/de\\\/spa-und-schwimmbad\\\/#primaryimage\"},\"image\":{\"@id\":\"https:\\\/\\\/www.casaledibuccole.it\\\/de\\\/spa-und-schwimmbad\\\/#primaryimage\"},\"thumbnailUrl\":\"https:\\\/\\\/www.casaledibuccole.it\\\/wp-content\\\/uploads\\\/2023\\\/04\\\/agriturismo-umbria-con-spa.jpg\",\"datePublished\":\"2023-03-06T09:31:35+00:00\",\"dateModified\":\"2023-05-19T07:49:46+00:00\",\"description\":\"Das SPA von Casale di Buccole umfasst: Au\u00dfenpool mit beheiztem Wasser, t\u00fcrkisches Bad, Sauna und Massagezentrum. Buchen Sie jetzt!\",\"breadcrumb\":{\"@id\":\"https:\\\/\\\/www.casaledibuccole.it\\\/de\\\/spa-und-schwimmbad\\\/#breadcrumb\"},\"inLanguage\":\"de\",\"potentialAction\":[{\"@type\":\"ReadAction\",\"target\":[\"https:\\\/\\\/www.casaledibuccole.it\\\/de\\\/spa-und-schwimmbad\\\/\"]}]},{\"@type\":\"ImageObject\",\"inLanguage\":\"de\",\"@id\":\"https:\\\/\\\/www.casaledibuccole.it\\\/de\\\/spa-und-schwimmbad\\\/#primaryimage\",\"url\":\"https:\\\/\\\/www.casaledibuccole.it\\\/wp-content\\\/uploads\\\/2023\\\/04\\\/agriturismo-umbria-con-spa.jpg\",\"contentUrl\":\"https:\\\/\\\/www.casaledibuccole.it\\\/wp-content\\\/uploads\\\/2023\\\/04\\\/agriturismo-umbria-con-spa.jpg\",\"width\":1181,\"height\":787},{\"@type\":\"BreadcrumbList\",\"@id\":\"https:\\\/\\\/www.casaledibuccole.it\\\/de\\\/spa-und-schwimmbad\\\/#breadcrumb\",\"itemListElement\":[{\"@type\":\"ListItem\",\"position\":1,\"name\":\"Home\",\"item\":\"https:\\\/\\\/www.casaledibuccole.it\\\/de\\\/\"},{\"@type\":\"ListItem\",\"position\":2,\"name\":\"Spa und Schwimmbad\"}]},{\"@type\":\"WebSite\",\"@id\":\"https:\\\/\\\/www.casaledibuccole.it\\\/de\\\/#website\",\"url\":\"https:\\\/\\\/www.casaledibuccole.it\\\/de\\\/\",\"name\":\"Il Casale di Buccole\",\"description\":\"\",\"publisher\":{\"@id\":\"https:\\\/\\\/www.casaledibuccole.it\\\/de\\\/#organization\"},\"potentialAction\":[{\"@type\":\"SearchAction\",\"target\":{\"@type\":\"EntryPoint\",\"urlTemplate\":\"https:\\\/\\\/www.casaledibuccole.it\\\/de\\\/?s={search_term_string}\"},\"query-input\":{\"@type\":\"PropertyValueSpecification\",\"valueRequired\":true,\"valueName\":\"search_term_string\"}}],\"inLanguage\":\"de\"},{\"@type\":\"Organization\",\"@id\":\"https:\\\/\\\/www.casaledibuccole.it\\\/de\\\/#organization\",\"name\":\"Il Casale di Buccole\",\"url\":\"https:\\\/\\\/www.casaledibuccole.it\\\/de\\\/\",\"logo\":{\"@type\":\"ImageObject\",\"inLanguage\":\"de\",\"@id\":\"https:\\\/\\\/www.casaledibuccole.it\\\/de\\\/#\\\/schema\\\/logo\\\/image\\\/\",\"url\":\"https:\\\/\\\/www.casaledibuccole.it\\\/wp-content\\\/uploads\\\/2023\\\/03\\\/Logo.png\",\"contentUrl\":\"https:\\\/\\\/www.casaledibuccole.it\\\/wp-content\\\/uploads\\\/2023\\\/03\\\/Logo.png\",\"width\":300,\"height\":300,\"caption\":\"Il Casale di Buccole\"},\"image\":{\"@id\":\"https:\\\/\\\/www.casaledibuccole.it\\\/de\\\/#\\\/schema\\\/logo\\\/image\\\/\"},\"sameAs\":[\"https:\\\/\\\/www.facebook.com\\\/casaledibuccole\"]}]}<\/script>\n<!-- \/ Yoast SEO plugin. -->","yoast_head_json":{"title":"Spa und Schwimmbad - Il Casale di Buccole","description":"Das SPA von Casale di Buccole umfasst: Au\u00dfenpool mit beheiztem Wasser, t\u00fcrkisches Bad, Sauna und Massagezentrum. Buchen Sie jetzt!","robots":{"index":"index","follow":"follow","max-snippet":"max-snippet:-1","max-image-preview":"max-image-preview:large","max-video-preview":"max-video-preview:-1"},"canonical":"https:\/\/www.casaledibuccole.it\/de\/spa-und-schwimmbad\/","og_locale":"de_DE","og_type":"article","og_title":"Spa und Schwimmbad - Il Casale di Buccole","og_description":"Das SPA von Casale di Buccole umfasst: Au\u00dfenpool mit beheiztem Wasser, t\u00fcrkisches Bad, Sauna und Massagezentrum. Buchen Sie jetzt!","og_url":"https:\/\/www.casaledibuccole.it\/de\/spa-und-schwimmbad\/","og_site_name":"Il Casale di Buccole","article_publisher":"https:\/\/www.facebook.com\/casaledibuccole","article_modified_time":"2023-05-19T07:49:46+00:00","og_image":[{"width":1181,"height":787,"url":"https:\/\/casaledibuccole-it.cdn-immedia.net\/wp-content\/uploads\/2023\/03\/og-casale.png","type":"image\/jpeg"}],"twitter_card":"summary_large_image","schema":{"@context":"https:\/\/schema.org","@graph":[{"@type":"WebPage","@id":"https:\/\/www.casaledibuccole.it\/de\/spa-und-schwimmbad\/","url":"https:\/\/www.casaledibuccole.it\/de\/spa-und-schwimmbad\/","name":"Spa und Schwimmbad - Il Casale di Buccole","isPartOf":{"@id":"https:\/\/www.casaledibuccole.it\/de\/#website"},"primaryImageOfPage":{"@id":"https:\/\/www.casaledibuccole.it\/de\/spa-und-schwimmbad\/#primaryimage"},"image":{"@id":"https:\/\/www.casaledibuccole.it\/de\/spa-und-schwimmbad\/#primaryimage"},"thumbnailUrl":"https:\/\/casaledibuccole-it.cdn-immedia.net\/wp-content\/uploads\/2023\/04\/agriturismo-umbria-con-spa.jpg","datePublished":"2023-03-06T09:31:35+00:00","dateModified":"2023-05-19T07:49:46+00:00","description":"Das SPA von Casale di Buccole umfasst: Au\u00dfenpool mit beheiztem Wasser, t\u00fcrkisches Bad, Sauna und Massagezentrum. Buchen Sie jetzt!","breadcrumb":{"@id":"https:\/\/www.casaledibuccole.it\/de\/spa-und-schwimmbad\/#breadcrumb"},"inLanguage":"de","potentialAction":[{"@type":"ReadAction","target":["https:\/\/www.casaledibuccole.it\/de\/spa-und-schwimmbad\/"]}]},{"@type":"ImageObject","inLanguage":"de","@id":"https:\/\/www.casaledibuccole.it\/de\/spa-und-schwimmbad\/#primaryimage","url":"https:\/\/casaledibuccole-it.cdn-immedia.net\/wp-content\/uploads\/2023\/04\/agriturismo-umbria-con-spa.jpg","contentUrl":"https:\/\/casaledibuccole-it.cdn-immedia.net\/wp-content\/uploads\/2023\/04\/agriturismo-umbria-con-spa.jpg","width":1181,"height":787},{"@type":"BreadcrumbList","@id":"https:\/\/www.casaledibuccole.it\/de\/spa-und-schwimmbad\/#breadcrumb","itemListElement":[{"@type":"ListItem","position":1,"name":"Home","item":"https:\/\/www.casaledibuccole.it\/de\/"},{"@type":"ListItem","position":2,"name":"Spa und Schwimmbad"}]},{"@type":"WebSite","@id":"https:\/\/www.casaledibuccole.it\/de\/#website","url":"https:\/\/www.casaledibuccole.it\/de\/","name":"Il Casale di Buccole","description":"","publisher":{"@id":"https:\/\/www.casaledibuccole.it\/de\/#organization"},"potentialAction":[{"@type":"SearchAction","target":{"@type":"EntryPoint","urlTemplate":"https:\/\/www.casaledibuccole.it\/de\/?s={search_term_string}"},"query-input":{"@type":"PropertyValueSpecification","valueRequired":true,"valueName":"search_term_string"}}],"inLanguage":"de"},{"@type":"Organization","@id":"https:\/\/www.casaledibuccole.it\/de\/#organization","name":"Il Casale di Buccole","url":"https:\/\/www.casaledibuccole.it\/de\/","logo":{"@type":"ImageObject","inLanguage":"de","@id":"https:\/\/www.casaledibuccole.it\/de\/#\/schema\/logo\/image\/","url":"https:\/\/casaledibuccole-it.cdn-immedia.net\/wp-content\/uploads\/2023\/03\/Logo.png","contentUrl":"https:\/\/casaledibuccole-it.cdn-immedia.net\/wp-content\/uploads\/2023\/03\/Logo.png","width":300,"height":300,"caption":"Il Casale di Buccole"},"image":{"@id":"https:\/\/www.casaledibuccole.it\/de\/#\/schema\/logo\/image\/"},"sameAs":["https:\/\/www.facebook.com\/casaledibuccole"]}]}},"_links":{"self":[{"href":"https:\/\/www.casaledibuccole.it\/de\/wp-json\/wp\/v2\/pages\/1211","targetHints":{"allow":["GET"]}}],"collection":[{"href":"https:\/\/www.casaledibuccole.it\/de\/wp-json\/wp\/v2\/pages"}],"about":[{"href":"https:\/\/www.casaledibuccole.it\/de\/wp-json\/wp\/v2\/types\/page"}],"author":[{"embeddable":true,"href":"https:\/\/www.casaledibuccole.it\/de\/wp-json\/wp\/v2\/users\/1"}],"replies":[{"embeddable":true,"href":"https:\/\/www.casaledibuccole.it\/de\/wp-json\/wp\/v2\/comments?post=1211"}],"version-history":[{"count":13,"href":"https:\/\/www.casaledibuccole.it\/de\/wp-json\/wp\/v2\/pages\/1211\/revisions"}],"predecessor-version":[{"id":3332,"href":"https:\/\/www.casaledibuccole.it\/de\/wp-json\/wp\/v2\/pages\/1211\/revisions\/3332"}],"wp:featuredmedia":[{"embeddable":true,"href":"https:\/\/www.casaledibuccole.it\/de\/wp-json\/wp\/v2\/media\/1643"}],"wp:attachment":[{"href":"https:\/\/www.casaledibuccole.it\/de\/wp-json\/wp\/v2\/media?parent=1211"}],"curies":[{"name":"wp","href":"https:\/\/api.w.org\/{rel}","templated":true}]}}